{"id":55,"date":"2014-09-01T20:32:16","date_gmt":"2014-09-01T18:32:16","guid":{"rendered":"http:\/\/christian-hauck-online.de\/?page_id=55"},"modified":"2015-04-11T11:09:37","modified_gmt":"2015-04-11T09:09:37","slug":"start-2","status":"publish","type":"page","link":"https:\/\/christian-hauck-online.de\/","title":{"rendered":"Start"},"content":{"rendered":"<p>Hallo,<\/p>\n<p>hier geht es um meine privaten IT-Probleme, egal ob um Hardware oder Software basierte Fehler und ihre Behebung, bzw. L\u00f6sung!<\/p>\n<p>Gleichzeitig widme ich diesem Blog meinen Hobbys, die da w\u00e4ren:<\/p>\n<ul>\n<li>Fotografie<\/li>\n<li>Heimkinotechnik<\/li>\n<li>Smart Home<\/li>\n<li>Multimedia<\/li>\n<\/ul>\n<p>Ich w\u00fcnsche jedem viel Spa\u00df der meinen privaten Blog entdeckt hat und in diesen Bereichen die gleichen Interessen hat\u00a0\u00a0\ud83d\ude42<\/p>\n<p>Chris<\/p>\n","protected":false},"excerpt":{"rendered":"<p>Hallo, hier geht es um meine privaten IT-Probleme, egal ob um Hardware oder Software basierte Fehler und ihre Behebung, bzw. L\u00f6sung! Gleichzeitig widme ich diesem Blog meinen Hobbys, die da w\u00e4ren: Fotografie Heimkinotechnik Smart Home Multimedia Ich w\u00fcnsche jedem viel Spa\u00df der meinen privaten Blog entdeckt hat und in diesen Bereichen die gleichen Interessen hat\u00a0\u00a0\ud83d\ude42 [&hellip;]<\/p>\n","protected":false},"author":1,"featured_media":0,"parent":0,"menu_order":0,"comment_status":"closed","ping_status":"closed","template":"","meta":[],"_links":{"self":[{"href":"https:\/\/christian-hauck-online.de\/index.php?rest_route=\/wp\/v2\/pages\/55"}],"collection":[{"href":"https:\/\/christian-hauck-online.de\/index.php?rest_route=\/wp\/v2\/pages"}],"about":[{"href":"https:\/\/christian-hauck-online.de\/index.php?rest_route=\/wp\/v2\/types\/page"}],"author":[{"embeddable":true,"href":"https:\/\/christian-hauck-online.de\/index.php?rest_route=\/wp\/v2\/users\/1"}],"replies":[{"embeddable":true,"href":"https:\/\/christian-hauck-online.de\/index.php?rest_route=%2Fwp%2Fv2%2Fcomments&post=55"}],"version-history":[{"count":4,"href":"https:\/\/christian-hauck-online.de\/index.php?rest_route=\/wp\/v2\/pages\/55\/revisions"}],"predecessor-version":[{"id":96,"href":"https:\/\/christian-hauck-online.de\/index.php?rest_route=\/wp\/v2\/pages\/55\/revisions\/96"}],"wp:attachment":[{"href":"https:\/\/christian-hauck-online.de\/index.php?rest_route=%2Fwp%2Fv2%2Fmedia&parent=55"}],"curies":[{"name":"wp","href":"https:\/\/api.w.org\/{rel}","templated":true}]}}