{"id":2,"date":"2014-05-09T04:35:09","date_gmt":"2014-05-09T04:35:09","guid":{"rendered":"http:\/\/localhost\/wordpress-3.9.1\/wordpress\/?page_id=2"},"modified":"2015-04-12T16:33:14","modified_gmt":"2015-04-12T14:33:14","slug":"sample-page","status":"publish","type":"page","link":"https:\/\/christian-hauck-online.de\/?page_id=2","title":{"rendered":"Das Warum?"},"content":{"rendered":"<p>Warum eine Webseite machen?<\/p>\n<p>Bei\u00a0meinem Beruf und in meiner Freizeit, treffe ich als technikinteressierter Mensch auf viele Fragen, Probleme und Herausforderungen.<\/p>\n<p>In diesem Blog m\u00f6chte ich\u00a0die dazugeh\u00f6rigen\u00a0\u00dcberlegungen, Probleml\u00f6sungen und alles andere was mir Tag t\u00e4glich \u00fcber den Weg l\u00e4uft, darstellen.<\/p>\n<p>Meine berufliche T\u00e4tigkeit als IT-Administrator, brachte mich bereits auf viele, meist private Webseiten, die mir in Problemf\u00e4llen immer eine &#8222;meist&#8220; gute L\u00f6sung f\u00fcr das gegebene Problem bereithielten. Dies brachte mich auf die Idee, eine Webseite mit L\u00f6sungen aus der Praxis zu erstellen.\u00a0Diese soll\u00a0anderen\u00a0und nat\u00fcrlich auch mir helfen, die problematischen und auch hochkomplexen Schwierigkeiten in der IT meistern zu k\u00f6nnen.<\/p>\n<p>Nat\u00fcrlich ist auch\u00a0jeder &#8222;nur&#8220; allgemein interessierte bei mir herzlich Willkommen.<\/p>\n<p>&nbsp;<\/p>\n<p>Kurz noch etwas \u00fcber mich:<\/p>\n<ul>\n<li>Erfolgreich abgeschlossene Ausbildung als Elektroinstallateur.<\/li>\n<li>Erfolgreiche Weiterbildung zum staatlich gepr\u00fcften Computer und Netzwerktechniker, nach einem Arbeitsunfall.<\/li>\n<\/ul>\n<p>&nbsp;<\/p>\n<p>Heute (seit 5 Jahren) als IT-Administrator in einer \u00f6ffentlichen Einrichtung t\u00e4tig.<\/p>\n<p>Schwerpunkte in diesem Aufgaben Feld:<\/p>\n<ul>\n<li>Anwender Support<\/li>\n<li>Netzwerk Sicherheit<\/li>\n<li>Einbindung externer Mobilarbeiter \/ Mobilarbeitspl\u00e4tze<\/li>\n<li>Planung Netzwerktopologie<\/li>\n<li>Mail-Server Support \/ Administration<\/li>\n<li>Betreuung f\u00fcr das ERP-System<\/li>\n<li>Installation \/ Bereitstellung \/ Administration der Serverlandschaft<\/li>\n<li>Virtualisierungstechnik Microsoft Hyper-V<\/li>\n<li>Immer interessiert an neuer Technik oder L\u00f6sungen aus diesem Umfeld<\/li>\n<li>Datenschutz<\/li>\n<\/ul>\n<p>&nbsp;<\/p>\n<p>&nbsp;<\/p>\n<p>&nbsp;<\/p>\n<p>&nbsp;<\/p>\n","protected":false},"excerpt":{"rendered":"<p>Warum eine Webseite machen? Bei\u00a0meinem Beruf und in meiner Freizeit, treffe ich als technikinteressierter Mensch auf viele Fragen, Probleme und Herausforderungen. In diesem Blog m\u00f6chte ich\u00a0die dazugeh\u00f6rigen\u00a0\u00dcberlegungen, Probleml\u00f6sungen und alles andere was mir Tag t\u00e4glich \u00fcber den Weg l\u00e4uft, darstellen. Meine berufliche T\u00e4tigkeit als IT-Administrator, brachte mich bereits auf viele, meist private Webseiten, die mir [&hellip;]<\/p>\n","protected":false},"author":1,"featured_media":0,"parent":0,"menu_order":0,"comment_status":"closed","ping_status":"closed","template":"","meta":[],"_links":{"self":[{"href":"https:\/\/christian-hauck-online.de\/index.php?rest_route=\/wp\/v2\/pages\/2"}],"collection":[{"href":"https:\/\/christian-hauck-online.de\/index.php?rest_route=\/wp\/v2\/pages"}],"about":[{"href":"https:\/\/christian-hauck-online.de\/index.php?rest_route=\/wp\/v2\/types\/page"}],"author":[{"embeddable":true,"href":"https:\/\/christian-hauck-online.de\/index.php?rest_route=\/wp\/v2\/users\/1"}],"replies":[{"embeddable":true,"href":"https:\/\/christian-hauck-online.de\/index.php?rest_route=%2Fwp%2Fv2%2Fcomments&post=2"}],"version-history":[{"count":5,"href":"https:\/\/christian-hauck-online.de\/index.php?rest_route=\/wp\/v2\/pages\/2\/revisions"}],"predecessor-version":[{"id":99,"href":"https:\/\/christian-hauck-online.de\/index.php?rest_route=\/wp\/v2\/pages\/2\/revisions\/99"}],"wp:attachment":[{"href":"https:\/\/christian-hauck-online.de\/index.php?rest_route=%2Fwp%2Fv2%2Fmedia&parent=2"}],"curies":[{"name":"wp","href":"https:\/\/api.w.org\/{rel}","templated":true}]}}